{"id":37921,"date":"2023-10-01T12:13:01","date_gmt":"2023-10-01T10:13:01","guid":{"rendered":"https:\/\/basic-hemp.es\/?page_id=37921"},"modified":"2023-12-12T22:36:46","modified_gmt":"2023-12-12T21:36:46","slug":"medizinischer-haftungsausschluss","status":"publish","type":"page","link":"https:\/\/basic-hemp.es\/de\/medizinischer-haftungsausschluss\/","title":{"rendered":"Medizinischer Haftungsausschluss"},"content":{"rendered":"<div class=\"wpb-content-wrapper\"><p>[vc_row full_width=&#8220;stretch_row_content_no_spaces&#8220; full_height=&#8220;yes&#8220; columns_placement=&#8220;top&#8220; equal_height=&#8220;yes&#8220; content_placement=&#8220;top&#8220; css=&#8220;.vc_custom_1696158875291{margin-bottom: -1px !important;}&#8220;][vc_column css=&#8220;.vc_custom_1634070681185{padding-right: 4vw !important;padding-left: 6.5vw !important;background-color: #468d6a !important;}&#8220; offset=&#8220;vc_col-lg-4 vc_col-md-5&#8243;][vc_row_inner][vc_column_inner offset=&#8220;vc_hidden-sm vc_hidden-xs&#8220;][vc_empty_space height=&#8220;9vw&#8220;][vc_custom_heading text=&#8220;Medizinischer<br \/>\nHaftungs-<br \/>\nausschluss&#8220; font_container=&#8220;tag:h1|font_size:48px|text_align:left|color:%23ffffff|line_height:72px&#8220; use_theme_fonts=&#8220;yes&#8220;][vc_raw_html]JTNDZGl2JTNFJTNDYSUyMGNsYXNzJTNEJTIyYmFja3RvLXNob3BwaW5nJTIyJTIwaHJlZiUzRCUyMmh0dHBzJTNBJTJGJTJGd29pZGNoZWsuY29tJTJGYmFzaWMtaGVtcCUyRnNob3AlMkYlMjIlM0VadXIlQzMlQkNjayUyMHp1ciUyMFN0YXJ0c2VpdGUlM0MlMkZhJTNFJTNDJTJGZGl2JTNF[\/vc_raw_html][vc_empty_space height=&#8220;20px&#8220;][\/vc_column_inner][\/vc_row_inner][vc_row_inner][vc_column_inner offset=&#8220;vc_hidden-lg vc_hidden-md&#8220;][vc_empty_space height=&#8220;80px&#8220;][vc_custom_heading text=&#8220;Medizinischer<br \/>\nHaftungs-<br \/>\nausschluss&#8220; font_container=&#8220;tag:h1|font_size:48px|text_align:left|color:%23ffffff|line_height:72px&#8220; use_theme_fonts=&#8220;yes&#8220;][vc_raw_html]JTNDZGl2JTNFJTNDYSUyMGNsYXNzJTNEJTIyYmFja3RvLXNob3BwaW5nJTIyJTIwaHJlZiUzRCUyMmh0dHBzJTNBJTJGJTJGd29pZGNoZWsuY29tJTJGYmFzaWMtaGVtcCUyRnNob3AlMkYlMjIlM0VadXIlQzMlQkNjayUyMHp1ciUyMFN0YXJ0c2VpdGUlM0MlMkZhJTNFJTNDJTJGZGl2JTNF[\/vc_raw_html][vc_empty_space height=&#8220;30px&#8220;][\/vc_column_inner][\/vc_row_inner][\/vc_column][vc_column offset=&#8220;vc_col-lg-8 vc_col-md-7&#8243; css=&#8220;.vc_custom_1545636776711{padding-right: 7vw !important;padding-left: 7vw !important;}&#8220;][vc_row_inner][vc_column_inner offset=&#8220;vc_hidden-md vc_hidden-sm vc_hidden-xs&#8220;][vc_empty_space height=&#8220;12vw&#8220;][\/vc_column_inner][\/vc_row_inner][vc_row_inner][vc_column_inner offset=&#8220;vc_hidden-lg vc_hidden-sm vc_hidden-xs&#8220;][vc_empty_space height=&#8220;14vw&#8220;][\/vc_column_inner][\/vc_row_inner][vc_row_inner][vc_column_inner offset=&#8220;vc_hidden-lg vc_hidden-md&#8220;][vc_empty_space height=&#8220;40px&#8220;][\/vc_column_inner][\/vc_row_inner][vc_row_inner css=&#8220;.vc_custom_1545639505775{margin-bottom: 30px !important;}&#8220;][vc_column_inner css=&#8220;.vc_custom_1545637744226{padding-right: 30px !important;}&#8220;][vc_column_text]Die Informationen und Inhalte auf dieser Webseite, einschlie\u00dflich der Blogbeitr\u00e4ge im Bereich Gesundheit, dienen ausschlie\u00dflich Informationszwecken und stellen keine medizinischen Ratschl\u00e4ge oder Heilaussagen im Zusammenhang mit Cannabiskonsum oder -anwendung dar. Der Konsum von Cannabisprodukten und deren Auswirkungen auf deine Gesundheit k\u00f6nnen von Person zu Person unterschiedlich sein und erfordern die Beratung und Betreuung durch qualifizierte medizinische Fachleute.<\/p>\n<p>Es ist wichtig zu verstehen, dass die medizinische Wissenschaft und die rechtlichen Bestimmungen im Zusammenhang mit Cannabis sich st\u00e4ndig weiterentwickeln. Die auf dieser Webseite bereitgestellten Informationen k\u00f6nnen sich \u00e4ndern und sollten niemals als Ersatz f\u00fcr professionelle medizinische Ratschl\u00e4ge, Diagnosen oder Behandlungen angesehen werden.<\/p>\n<p>Du bist dazu angehalten, eigenverantwortlich und sorgf\u00e4ltig zu pr\u00fcfen und gegebenenfalls einen qualifizierten medizinischen Fachmann oder Spezialisten zu konsultieren, um sicherzustellen, dass die auf dieser Webseite gegebenen Empfehlungen und Informationen auf deinen individuellen Fall und die geltenden Gesetze und Vorschriften zutreffen.<\/p>\n<p>Die in den Blogbeitr\u00e4gen und auf dieser Webseite enthaltenen Informationen spiegeln lediglich die Meinung der Autoren wider und dienen der allgemeinen Information. Wenn du Gesundheitsprobleme hast oder nach Informationen im Zusammenhang mit Cannabisprodukten suchst, solltest du dringend alle Ma\u00dfnahmen und Behandlungen mit einem qualifizierten medizinischen Fachmann besprechen. Diese Webseite \u00fcbernimmt keine Haftung f\u00fcr die Richtigkeit oder Vollst\u00e4ndigkeit der bereitgestellten Informationen.<\/p>\n<p><strong>Sollten einzelne Bestimmungen dieses Haftungsausschlusses unwirksam sein oder werden, ber\u00fchrt dies nicht die G\u00fcltigkeit der \u00fcbrigen Bestimmungen.<\/strong>[\/vc_column_text][vc_empty_space height=&#8220;50px&#8220;][\/vc_column_inner][\/vc_row_inner][\/vc_column][\/vc_row]<\/p>\n<\/div>","protected":false},"excerpt":{"rendered":"<p>[vc_row full_width=&#8220;stretch_row_content_no_spaces&#8220; full_height=&#8220;yes&#8220; columns_placement=&#8220;top&#8220; equal_height=&#8220;yes&#8220; content_placement=&#8220;top&#8220; css=&#8220;.vc_custom_1696158875291{margin-bottom: -1px !important;}&#8220;][vc_column css=&#8220;.vc_custom_1634070681185{padding-right: 4vw !important;padding-left: 6.5vw !important;background-color: #468d6a !important;}&#8220; offset=&#8220;vc_col-lg-4 vc_col-md-5&#8243;][vc_row_inner][vc_column_inner offset=&#8220;vc_hidden-sm vc_hidden-xs&#8220;][vc_empty_space\u2026<\/p>\n","protected":false},"author":1,"featured_media":0,"parent":0,"menu_order":0,"comment_status":"closed","ping_status":"closed","template":"","meta":{"footnotes":""},"class_list":["post-37921","page","type-page","status-publish","hentry"],"jetpack_sharing_enabled":true,"_links":{"self":[{"href":"https:\/\/basic-hemp.es\/de\/wp-json\/wp\/v2\/pages\/37921","targetHints":{"allow":["GET"]}}],"collection":[{"href":"https:\/\/basic-hemp.es\/de\/wp-json\/wp\/v2\/pages"}],"about":[{"href":"https:\/\/basic-hemp.es\/de\/wp-json\/wp\/v2\/types\/page"}],"author":[{"embeddable":true,"href":"https:\/\/basic-hemp.es\/de\/wp-json\/wp\/v2\/users\/1"}],"replies":[{"embeddable":true,"href":"https:\/\/basic-hemp.es\/de\/wp-json\/wp\/v2\/comments?post=37921"}],"version-history":[{"count":9,"href":"https:\/\/basic-hemp.es\/de\/wp-json\/wp\/v2\/pages\/37921\/revisions"}],"predecessor-version":[{"id":41005,"href":"https:\/\/basic-hemp.es\/de\/wp-json\/wp\/v2\/pages\/37921\/revisions\/41005"}],"wp:attachment":[{"href":"https:\/\/basic-hemp.es\/de\/wp-json\/wp\/v2\/media?parent=37921"}],"curies":[{"name":"wp","href":"https:\/\/api.w.org\/{rel}","templated":true}]}}