{"id":3673,"date":"2018-11-06T17:29:45","date_gmt":"2018-11-06T17:29:45","guid":{"rendered":"https:\/\/barberry.temash.design\/furnituredemo\/?page_id=3673"},"modified":"2023-12-12T22:59:04","modified_gmt":"2023-12-12T21:59:04","slug":"ueber-uns","status":"publish","type":"page","link":"https:\/\/basic-hemp.es\/de\/ueber-uns\/","title":{"rendered":"Basic Hemp CBD AID"},"content":{"rendered":"<div class=\"wpb-content-wrapper\"><p>[vc_row full_width=&#8220;stretch_row_content_no_spaces&#8220; full_height=&#8220;yes&#8220; content_placement=&#8220;middle&#8220; css=&#8220;.vc_custom_1700814332011{background-color: #468d6a !important;}&#8220;][vc_column offset=&#8220;vc_col-lg-6 vc_col-md-8&#8243;][vc_row_inner][vc_column_inner width=&#8220;1\/6&#8243;][\/vc_column_inner][vc_column_inner width=&#8220;2\/3&#8243; css=&#8220;.vc_custom_1635715519139{padding-right: 10% !important;padding-left: 10% !important;}&#8220; offset=&#8220;vc_hidden-sm vc_hidden-xs&#8220;][vc_custom_heading text=&#8220;Unsere Ideologie &#8230;&#8220; font_container=&#8220;tag:h4|font_size:21px|text_align:left|color:%23ffffff|line_height:28px&#8220; use_theme_fonts=&#8220;yes&#8220; el_class=&#8220;l-spacing-title&#8220;][vc_custom_heading text=&#8220;back to nature&#8217;s basics&#8220; font_container=&#8220;tag:h1|font_size:64px|text_align:left|color:%23ffffff|line_height:54px&#8220; use_theme_fonts=&#8220;yes&#8220;][vc_column_text]<\/p>\n<p style=\"color: #fff!important;\">Wir von Basic Hemp S.L. m\u00f6chten dich auf eine Reise, zur\u00fcck zu den Grundlagen der Natur, begleiten. Wir sind ein aufgekl\u00e4rtes Team welches sich die Frage gestellt hat; Wie k\u00f6nnen wir der Pflanze Hanf das Ansehen verleiten welches sie bis vor hundert Jahren noch hatte und unserer Meinung nach verdient hat? In den letzten Jahren ist die gesamte Thematik rund um Hanf gestiegen. Doch weshalb findet es noch immer so wenig Anklang in unserer breiten Gesellschaft? Daher haben wir uns drei Ziele gesetzt um gemeinsam der L\u00f6sung n\u00e4her zu kommen.<\/p>\n<p>[\/vc_column_text][\/vc_column_inner][vc_column_inner width=&#8220;1\/6&#8243;][\/vc_column_inner][\/vc_row_inner][vc_row_inner][vc_column_inner width=&#8220;1\/6&#8243;][\/vc_column_inner][vc_column_inner width=&#8220;2\/3&#8243; css=&#8220;.vc_custom_1635676515815{padding-right: 10% !important;padding-left: 10% !important;}&#8220; offset=&#8220;vc_hidden-lg vc_hidden-md&#8220;][vc_empty_space height=&#8220;25vw&#8220;][vc_custom_heading text=&#8220;Unsere Ideologie &#8230;&#8220; font_container=&#8220;tag:h4|font_size:16px|text_align:left|color:%23ffffff|line_height:12px&#8220; use_theme_fonts=&#8220;yes&#8220; el_class=&#8220;l-spacing-title&#8220; css=&#8220;.vc_custom_1684495449544{margin-bottom: 20px !important;}&#8220;][vc_custom_heading text=&#8220;&#8222;back to nature&#8217;s basics&#8222;&#8220; font_container=&#8220;tag:h1|font_size:32px|text_align:left|color:%23ffffff|line_height:40px&#8220; use_theme_fonts=&#8220;yes&#8220; css=&#8220;.vc_custom_1635676057242{margin-bottom: 10px !important;}&#8220;][vc_column_text]<\/p>\n<p style=\"color: #fff!important;\">Wir von Basic Hemp S.L. m\u00f6chten dich auf eine Reise, zur\u00fcck zu den Grundlagen der Natur, begleiten. Wir sind ein aufgekl\u00e4rtes Team welches sich die Frage gestellt hat; Wie k\u00f6nnen wir der Pflanze Hanf das Ansehen verleiten welches sie bis vor hundert Jahren noch hatte und unserer Meinung nach verdient hat? In den letzten Jahren ist die gesamte Thematik rund um Hanf gestiegen. Doch weshalb findet es noch immer so wenig Anklang in unserer breiten Gesellschaft? Daher haben wir uns drei Ziele gesetzt um gemeinsam der L\u00f6sung n\u00e4her zu kommen.<\/p>\n<p>[\/vc_column_text][vc_empty_space height=&#8220;10vw&#8220;][\/vc_column_inner][vc_column_inner width=&#8220;1\/6&#8243;][\/vc_column_inner][\/vc_row_inner][\/vc_column][vc_column css=&#8220;.vc_custom_1700814354817{background-image: url(https:\/\/basic-hemp.es\/wp-content\/uploads\/2021\/10\/basic-hemp-matt-seymour-lK9SuLDjS5M-unsplash.jpg?id=33619) !important;background-position: center !important;background-repeat: no-repeat !important;background-size: cover !important;}&#8220; offset=&#8220;vc_col-lg-6 vc_col-md-4 vc_hidden-sm vc_hidden-xs&#8220;][vc_row_inner][vc_column_inner][vc_empty_space height=&#8220;100vh&#8220;][\/vc_column_inner][\/vc_row_inner][vc_row_inner][vc_column_inner offset=&#8220;vc_hidden-lg vc_hidden-md&#8220;][vc_empty_space height=&#8220;60vh&#8220;][\/vc_column_inner][\/vc_row_inner][\/vc_column][\/vc_row][vc_row full_width=&#8220;stretch_row_content&#8220; full_height=&#8220;yes&#8220; parallax=&#8220;content-moving&#8220; parallax_image=&#8220;33621&#8243; parallax_speed_bg=&#8220;1.4&#8243;][vc_column css_animation=&#8220;fadeIn&#8220; css=&#8220;.vc_custom_1635708437494{padding-top: 330px !important;padding-bottom: 330px !important;background-color: rgba(50,70,60,0.8) !important;*background-color: rgb(50,70,60) !important;}&#8220;][vc_row_inner el_class=&#8220;overlay&#8220;][vc_column_inner width=&#8220;1\/6&#8243;][\/vc_column_inner][vc_column_inner width=&#8220;2\/3&#8243; offset=&#8220;vc_hidden-md vc_hidden-sm vc_hidden-xs&#8220;][vc_custom_heading text=&#8220;Das erste ist &#8230;&#8220; font_container=&#8220;tag:h4|font_size:21px|text_align:center|color:%23ffffff|line_height:28px&#8220; use_theme_fonts=&#8220;yes&#8220; el_class=&#8220;l-spacing-title&#8220; css=&#8220;.vc_custom_1684495458045{margin-bottom: 30px !important;}&#8220;][vc_custom_heading text=&#8220;&#8230; die Aufkl\u00e4rung \u00fcber die Pflanze Hanf&#8220; font_container=&#8220;tag:h2|font_size:48px|text_align:center|color:%23ffffff|line_height:54px&#8220; use_theme_fonts=&#8220;yes&#8220; css=&#8220;.vc_custom_1684495539466{margin-bottom: 20px !important;}&#8220;][vc_column_text]<\/p>\n<p style=\"color: #fff!important; text-align: center;\">Hier sind wir gerne behilflich und f\u00fcr alle Fragen welche uns gestellt werden dankbar, denn wir werden sie mit Freuden mit all unserer Kompetenz beantworten und sie des weiteren auf hilfreiche Lekt\u00fcren hinweisen. Des weiteren haben wir speziell f\u00fcr Sie eine Vielzahl an PDFs erstellt in welchen Sie Methoden der Anwendung, zur Verarbeitung des Rohproduktes, aber auch Rezepte f\u00fcr Salben, verschiedene Gerichte und vielem mehr finden.<\/p>\n<p>[\/vc_column_text][\/vc_column_inner][vc_column_inner width=&#8220;1\/6&#8243;][\/vc_column_inner][\/vc_row_inner][vc_row_inner][vc_column_inner offset=&#8220;vc_hidden-lg&#8220; css=&#8220;.vc_custom_1635676527902{padding-top: 5% !important;padding-right: 10% !important;padding-bottom: 5% !important;padding-left: 10% !important;}&#8220;][vc_custom_heading text=&#8220;Das erste ist &#8230;&#8220; font_container=&#8220;tag:h4|font_size:16px|text_align:left|color:%23ffffff|line_height:12px&#8220; use_theme_fonts=&#8220;yes&#8220; el_class=&#8220;l-spacing-title&#8220; css=&#8220;.vc_custom_1684495465243{margin-bottom: 30px !important;}&#8220;][vc_custom_heading text=&#8220;&#8230; die Aufkl\u00e4rung \u00fcber die Pflanze Hanf&#8220; font_container=&#8220;tag:h2|font_size:32px|text_align:left|color:%23ffffff|line_height:40px&#8220; use_theme_fonts=&#8220;yes&#8220; css=&#8220;.vc_custom_1684495548198{margin-bottom: 20px !important;}&#8220;][vc_column_text]<\/p>\n<p style=\"color: #fff!important;\">Hier sind wir gerne behilflich und f\u00fcr alle Fragen welche uns gestellt werden dankbar, denn wir werden sie mit Freuden mit all unserer Kompetenz beantworten und sie des weiteren auf hilfreiche Lekt\u00fcren hinweisen. Des weiteren haben wir speziell f\u00fcr Sie eine Vielzahl an PDFs erstellt in welchen Sie Methoden der Anwendung, zur Verarbeitung des Rohproduktes, aber auch Rezepte f\u00fcr Salben, verschiedene Gerichte und vielem mehr finden.<\/p>\n<p>[\/vc_column_text][\/vc_column_inner][\/vc_row_inner][\/vc_column][\/vc_row][vc_row full_width=&#8220;stretch_row_content_no_spaces&#8220; full_height=&#8220;yes&#8220; content_placement=&#8220;middle&#8220; css=&#8220;.vc_custom_1635675408890{background-color: #32463c !important;}&#8220;][vc_column css=&#8220;.vc_custom_1684495740127{background-image: url(https:\/\/basic-hemp.es\/wp-content\/uploads\/2021\/10\/basic-hemp-ethan-bodnar-kgC99X3WH1w-unsplash.jpg?id=33623) !important;background-position: center !important;background-repeat: no-repeat !important;background-size: cover !important;}&#8220; offset=&#8220;vc_col-lg-6 vc_col-md-4 vc_hidden-sm vc_hidden-xs&#8220;][vc_row_inner][vc_column_inner offset=&#8220;vc_hidden-sm vc_hidden-xs&#8220;][vc_empty_space height=&#8220;100vh&#8220;][\/vc_column_inner][\/vc_row_inner][vc_row_inner][vc_column_inner offset=&#8220;vc_hidden-lg vc_hidden-md&#8220;][vc_empty_space height=&#8220;60vh&#8220;][\/vc_column_inner][\/vc_row_inner][\/vc_column][vc_column offset=&#8220;vc_col-lg-6 vc_col-md-8&#8243;][vc_row_inner][vc_column_inner width=&#8220;1\/6&#8243;][\/vc_column_inner][vc_column_inner width=&#8220;2\/3&#8243; css=&#8220;.vc_custom_1635715531132{padding-right: 10% !important;padding-left: 10% !important;}&#8220; offset=&#8220;vc_hidden-sm vc_hidden-xs&#8220;][vc_custom_heading text=&#8220;Das zweite Ziel ist &#8230;&#8220; font_container=&#8220;tag:h4|font_size:21px|text_align:left|color:%23ffffff|line_height:28px&#8220; use_theme_fonts=&#8220;yes&#8220; el_class=&#8220;l-spacing-title&#8220;][vc_custom_heading text=&#8220;&#8230; die Vielf\u00e4ltigkeit der Pflanze aufzuzeigen&#8220; font_container=&#8220;tag:h1|font_size:32px|text_align:left|color:%23ffffff|line_height:48px&#8220; use_theme_fonts=&#8220;yes&#8220;][vc_column_text]<\/p>\n<p style=\"color: #fff!important;\">Wir m\u00f6chten Ihnen zeigen in wie vielen verschiedenen Bereichen sie eingesetzt werden kann. Hier stellen wir nat\u00fcrlich gerne all unsere Produkte vor, welche sie direkt von uns erwerben k\u00f6nnen. Des weiteren vermitteln wir sie auch gerne an unsere angesehenen Partner, welche wir durch ihre Kompetenz sehr sch\u00e4tzen und w\u00e4rmstens empfehlen k\u00f6nnen. Denn Zusammenarbeit statt Konkurrenz ist eine der vielen Tugenden welche wir vertreten.<\/p>\n<p>[\/vc_column_text][\/vc_column_inner][vc_column_inner width=&#8220;1\/6&#8243;][\/vc_column_inner][\/vc_row_inner][vc_row_inner][vc_column_inner width=&#8220;1\/6&#8243;][\/vc_column_inner][vc_column_inner width=&#8220;2\/3&#8243; css=&#8220;.vc_custom_1635676536720{padding-right: 10% !important;padding-left: 10% !important;}&#8220; offset=&#8220;vc_hidden-lg vc_hidden-md&#8220;][vc_empty_space height=&#8220;25vw&#8220;][vc_custom_heading text=&#8220;Das zweite Ziel ist &#8230;&#8220; font_container=&#8220;tag:h4|font_size:16px|text_align:left|color:%23ffffff|line_height:12px&#8220; use_theme_fonts=&#8220;yes&#8220; el_class=&#8220;l-spacing-title&#8220; css=&#8220;.vc_custom_1684495477025{margin-bottom: 30px !important;}&#8220;][vc_custom_heading text=&#8220;&#8230; die Vielf\u00e4ltigkeit der Pflanze aufzuzeigen&#8220; font_container=&#8220;tag:h2|font_size:32px|text_align:left|color:%23ffffff|line_height:40px&#8220; use_theme_fonts=&#8220;yes&#8220; css=&#8220;.vc_custom_1684495560680{margin-bottom: 10px !important;}&#8220;][vc_column_text]<\/p>\n<p style=\"color: #fff!important;\">Wir m\u00f6chten Ihnen zeigen in wie vielen verschiedenen Bereichen sie eingesetzt werden kann. Hier stellen wir nat\u00fcrlich gerne all unsere Produkte vor, welche sie direkt von uns erwerben k\u00f6nnen. Des weiteren vermitteln wir sie auch gerne an unsere angesehenen Partner, welche wir durch ihre Kompetenz sehr sch\u00e4tzen und w\u00e4rmstens empfehlen k\u00f6nnen. Denn Zusammenarbeit statt Konkurrenz ist eine der vielen Tugenden welche wir vertreten.<\/p>\n<p>[\/vc_column_text][vc_empty_space height=&#8220;10vw&#8220;][\/vc_column_inner][vc_column_inner width=&#8220;1\/6&#8243;][\/vc_column_inner][\/vc_row_inner][\/vc_column][\/vc_row][vc_row full_width=&#8220;stretch_row_content&#8220; full_height=&#8220;yes&#8220; parallax=&#8220;content-moving&#8220; parallax_image=&#8220;33630&#8243; parallax_speed_bg=&#8220;1.4&#8243;][vc_column css_animation=&#8220;fadeIn&#8220; css=&#8220;.vc_custom_1635709631964{padding-top: 330px !important;padding-bottom: 330px !important;background-color: rgba(2,0,0,0.5) !important;*background-color: rgb(2,0,0) !important;}&#8220;][vc_row_inner el_class=&#8220;overlay&#8220;][vc_column_inner width=&#8220;1\/6&#8243;][\/vc_column_inner][vc_column_inner width=&#8220;2\/3&#8243; offset=&#8220;vc_hidden-md vc_hidden-sm vc_hidden-xs&#8220;][vc_custom_heading text=&#8220;Als drittes Ziel &#8230;&#8220; font_container=&#8220;tag:h4|font_size:21px|text_align:center|color:%23ffffff|line_height:28px&#8220; use_theme_fonts=&#8220;yes&#8220; el_class=&#8220;l-spacing-title&#8220;][vc_custom_heading text=&#8220;&#8230; gilt f\u00fcr uns dem Endverbraucher einen Einblick<br \/>\nin die Produktion der Produkte zu erm\u00f6glichen&#8220; font_container=&#8220;tag:h2|font_size:32px|text_align:center|color:%23ffffff|line_height:48px&#8220; use_theme_fonts=&#8220;yes&#8220; css=&#8220;.vc_custom_1684495568767{margin-bottom: 20px !important;}&#8220;][vc_column_text]<\/p>\n<p style=\"color: #fff!important; text-align: center;\">Hierf\u00fcr besuchen wir regelm\u00e4\u00dfig unsere Partner und gehen auch mit diesen auf Ihre Felder und Produktionsst\u00e4tten, um Ihnen den bestm\u00f6glichen Einblick vom Spr\u00f6ssling der Pflanze, weiter zur Ernte bis hin zu der Verartbeitung des Endproduktes und der einzelenen Produkte wie \u00d6le, Salben und vielem mehr. Hier stehen Ihnen verschiedene Bilder und Videos in unserer Galerie zur Verf\u00fcgung.<\/p>\n<p>[\/vc_column_text][\/vc_column_inner][vc_column_inner width=&#8220;1\/6&#8243;][\/vc_column_inner][\/vc_row_inner][vc_row_inner][vc_column_inner offset=&#8220;vc_hidden-lg&#8220; css=&#8220;.vc_custom_1635676527902{padding-top: 5% !important;padding-right: 10% !important;padding-bottom: 5% !important;padding-left: 10% !important;}&#8220;][vc_custom_heading text=&#8220;Als drittes Ziel &#8230;&#8220; font_container=&#8220;tag:h4|font_size:16px|text_align:left|color:%23ffffff|line_height:12px&#8220; use_theme_fonts=&#8220;yes&#8220; el_class=&#8220;l-spacing-title&#8220; css=&#8220;.vc_custom_1684495488457{margin-bottom: 30px !important;}&#8220;][vc_custom_heading text=&#8220;&#8230; gilt f\u00fcr uns dem Endverbraucher einen Einblick in die Produktion der Produkte zu erm\u00f6glichen&#8220; font_container=&#8220;tag:h2|font_size:32px|text_align:left|color:%23ffffff|line_height:40px&#8220; use_theme_fonts=&#8220;yes&#8220; css=&#8220;.vc_custom_1684495574382{margin-bottom: 20px !important;}&#8220;][vc_column_text]<\/p>\n<p style=\"color: #fff!important;\">Hier sind wir gerne behilflich und f\u00fcr alle Fragen welche uns gestellt werden dankbar, denn wir werden sie mit Freuden mit all unserer Kompetenz beantworten und sie des weiteren auf hilfreiche Lekt\u00fcren hinweisen. Des weiteren haben wir speziell f\u00fcr Sie eine Vielzahl an PDFs erstellt in welchen Sie Methoden der Anwendung, zur Verarbeitung des Rohproduktes, aber auch Rezepte f\u00fcr Salben, verschiedene Gerichte und vielem mehr finden.<\/p>\n<p>[\/vc_column_text][\/vc_column_inner][\/vc_row_inner][\/vc_column][\/vc_row][vc_row full_width=&#8220;stretch_row&#8220; css=&#8220;.vc_custom_1635708988512{margin-bottom: -1px !important;background-color: #468d6a !important;}&#8220;][vc_column css_animation=&#8220;fadeIn&#8220;][vc_row_inner][vc_column_inner width=&#8220;1\/6&#8243;][\/vc_column_inner][vc_column_inner width=&#8220;2\/3&#8243; offset=&#8220;vc_hidden-md vc_hidden-sm vc_hidden-xs&#8220; css=&#8220;.vc_custom_1635708978984{padding-top: 0px !important;}&#8220;][vc_empty_space height=&#8220;10vw&#8220;][vc_custom_heading text=&#8220;F\u00fcr uns &#8230;&#8220; font_container=&#8220;tag:h4|font_size:21px|text_align:center|color:%23ffffff|line_height:28px&#8220; use_theme_fonts=&#8220;yes&#8220; el_class=&#8220;l-spacing-title&#8220; css=&#8220;.vc_custom_1684495494442{margin-bottom: 30px !important;}&#8220;][vc_custom_heading text=&#8220;&#8230; ist das Zusammenarbeiten und die Aufkl\u00e4rung der Schl\u00fcssel f\u00fcr eine nachhaltige Welt, welches nat\u00fcrlich unser gr\u00f6\u00dftes Ziel ist&#8220; font_container=&#8220;tag:h2|font_size:32px|text_align:center|color:%23ffffff|line_height:48px&#8220; use_theme_fonts=&#8220;yes&#8220; css=&#8220;.vc_custom_1684495580936{margin-bottom: 20px !important;}&#8220;][vc_column_text]<\/p>\n<p style=\"color: #fff!important; text-align: center;\">Hier sind wir nat\u00fcrlich f\u00fcr jegliche Kritik und Anregungen dankbar, da wir uns jeden Tag das Ziel setzen, es besser zu machen als gestern.<\/p>\n<p>[\/vc_column_text][vc_raw_html]JTNDZGl2JTIwc3R5bGUlM0QlMjJ0ZXh0LWFsaWduJTNBY2VudGVyJTIxaW1wb3J0YW50JTNCJTIyJTNFJTNDYSUyMGNsYXNzJTNEJTIyYmFja3RvLXNob3BwaW5nJTIyJTIwaHJlZiUzRCUyMmh0dHBzJTNBJTJGJTJGYmFzaWMtaGVtcC5kZSUyRmVybGViZW4lMkYlMjIlM0VadXIlQzMlQkNjayUyMHp1ciUyMFN0YXJ0c2VpdGUlM0MlMkZhJTNFJTNDJTJGZGl2JTNF[\/vc_raw_html][vc_empty_space height=&#8220;12vw&#8220;][\/vc_column_inner][vc_column_inner width=&#8220;1\/6&#8243;][\/vc_column_inner][\/vc_row_inner][vc_row_inner][vc_column_inner offset=&#8220;vc_hidden-lg&#8220; css=&#8220;.vc_custom_1635709101293{padding-right: 10% !important;padding-left: 10% !important;}&#8220;][vc_custom_heading text=&#8220;F\u00fcr uns &#8230;&#8220; font_container=&#8220;tag:h4|font_size:16px|text_align:center|color:%23ffffff|line_height:12px&#8220; use_theme_fonts=&#8220;yes&#8220; el_class=&#8220;l-spacing-title&#8220; css=&#8220;.vc_custom_1684495502614{margin-bottom: 30px !important;}&#8220;][vc_custom_heading text=&#8220;&#8230; ist das Zusammenarbeiten und die Aufkl\u00e4rung der Schl\u00fcssel f\u00fcr eine nachhaltige Welt, welches nat\u00fcrlich unser gr\u00f6\u00dftes Ziel ist&#8220; font_container=&#8220;tag:h2|font_size:24px|text_align:center|color:%23ffffff|line_height:36px&#8220; use_theme_fonts=&#8220;yes&#8220; css=&#8220;.vc_custom_1684495586968{margin-bottom: 10px !important;}&#8220;][vc_column_text]<\/p>\n<p style=\"color: #fff!important; text-align: center;\">Hier sind wir nat\u00fcrlich f\u00fcr jegliche Kritik und Anregungen dankbar, da wir uns jeden Tag das Ziel setzen, es besser zu machen als gestern.<\/p>\n<p>[\/vc_column_text][vc_raw_html]JTNDZGl2JTIwc3R5bGUlM0QlMjJ0ZXh0LWFsaWduJTNBY2VudGVyJTIxaW1wb3J0YW50JTNCJTIyJTNFJTNDYSUyMGNsYXNzJTNEJTIyYmFja3RvLXNob3BwaW5nJTIyJTIwaHJlZiUzRCUyMmh0dHBzJTNBJTJGJTJGYmFzaWMtaGVtcC5kZSUyRmVybGViZW4lMkYlMjIlM0VadXIlQzMlQkNjayUyMHp1ciUyMFN0YXJ0c2VpdGUlM0MlMkZhJTNFJTNDJTJGZGl2JTNF[\/vc_raw_html][\/vc_column_inner][\/vc_row_inner][\/vc_column][\/vc_row]<\/p>\n<\/div>","protected":false},"excerpt":{"rendered":"<p>[vc_row full_width=&#8220;stretch_row_content_no_spaces&#8220; full_height=&#8220;yes&#8220; content_placement=&#8220;middle&#8220; css=&#8220;.vc_custom_1700814332011{background-color: #468d6a !important;}&#8220;][vc_column offset=&#8220;vc_col-lg-6 vc_col-md-8&#8243;][vc_row_inner][vc_column_inner width=&#8220;1\/6&#8243;][\/vc_column_inner][vc_column_inner width=&#8220;2\/3&#8243; css=&#8220;.vc_custom_1635715519139{padding-right: 10% !important;padding-left: 10% !important;}&#8220; offset=&#8220;vc_hidden-sm vc_hidden-xs&#8220;][vc_custom_heading text=&#8220;Unsere Ideologie\u2026<\/p>\n","protected":false},"author":1,"featured_media":0,"parent":0,"menu_order":0,"comment_status":"closed","ping_status":"closed","template":"","meta":{"footnotes":""},"class_list":["post-3673","page","type-page","status-publish","hentry"],"jetpack_sharing_enabled":true,"_links":{"self":[{"href":"https:\/\/basic-hemp.es\/de\/wp-json\/wp\/v2\/pages\/3673","targetHints":{"allow":["GET"]}}],"collection":[{"href":"https:\/\/basic-hemp.es\/de\/wp-json\/wp\/v2\/pages"}],"about":[{"href":"https:\/\/basic-hemp.es\/de\/wp-json\/wp\/v2\/types\/page"}],"author":[{"embeddable":true,"href":"https:\/\/basic-hemp.es\/de\/wp-json\/wp\/v2\/users\/1"}],"replies":[{"embeddable":true,"href":"https:\/\/basic-hemp.es\/de\/wp-json\/wp\/v2\/comments?post=3673"}],"version-history":[{"count":90,"href":"https:\/\/basic-hemp.es\/de\/wp-json\/wp\/v2\/pages\/3673\/revisions"}],"predecessor-version":[{"id":33188,"href":"https:\/\/basic-hemp.es\/de\/wp-json\/wp\/v2\/pages\/3673\/revisions\/33188"}],"wp:attachment":[{"href":"https:\/\/basic-hemp.es\/de\/wp-json\/wp\/v2\/media?parent=3673"}],"curies":[{"name":"wp","href":"https:\/\/api.w.org\/{rel}","templated":true}]}}