{"id":33228,"date":"2021-10-31T11:40:23","date_gmt":"2021-10-31T10:40:23","guid":{"rendered":"https:\/\/basic-hemp.es\/?page_id=33228"},"modified":"2023-12-12T22:54:13","modified_gmt":"2023-12-12T21:54:13","slug":"leitfaden-back-to-natures-basics","status":"publish","type":"page","link":"https:\/\/basic-hemp.es\/de\/leitfaden-back-to-natures-basics\/","title":{"rendered":"Back to nature&#8217;s basics"},"content":{"rendered":"<div class=\"wpb-content-wrapper\"><p>[vc_row full_width=&#8220;stretch_row_content_no_spaces&#8220; full_height=&#8220;yes&#8220; content_placement=&#8220;middle&#8220; css=&#8220;.vc_custom_1635675440682{background-color: #468d6a !important;}&#8220;][vc_column offset=&#8220;vc_col-lg-6 vc_col-md-8&#8243;][vc_row_inner][vc_column_inner width=&#8220;1\/6&#8243;][\/vc_column_inner][vc_column_inner width=&#8220;2\/3&#8243; offset=&#8220;vc_hidden-sm vc_hidden-xs&#8220;][vc_custom_heading text=&#8220;Der Leitfaden zu &#8230;&#8220; font_container=&#8220;tag:h4|font_size:21px|text_align:left|color:%23ffffff|line_height:28px&#8220; use_theme_fonts=&#8220;yes&#8220; el_class=&#8220;l-spacing-title&#8220;][vc_custom_heading text=&#8220;&#8230; &#8222;back to<br \/>\nnature&#8217;s basics&#8222;&#8220; font_container=&#8220;tag:h1|font_size:64px|text_align:left|color:%23ffffff|line_height:54px&#8220; use_theme_fonts=&#8220;yes&#8220;][vc_column_text]<\/p>\n<p style=\"color: #fff!important;\">Dieser Leitsatz bedeutet, dass wir uns auf das Fundament unseres Lebens r\u00fcckbesinnen: auf die Natur, die unsere K\u00f6rpersysteme st\u00e4rkt, uns Kraft spendet und uns Gesundheit schenkt. Ein wichtiger Baustein der nat\u00fcrlichen R\u00fcckbesinnung ist f\u00fcr uns das energetische Potential der Heilpflanze Hanf, die es allen Menschen erm\u00f6glicht, ein ges\u00fcnderes und ausgeglicheneres Leben zu f\u00fchren. Zur\u00fcck zur Natur \u2013 unseren Markenkern nehmen wir insofern w\u00f6rtlich, als dass wir auch bei den Lieferbedingungen, Transportwegen etc. auf ein H\u00f6chstma\u00df an Nachhaltigkeit achten. Back to the basic of nature \u2013 wir wollen nicht nur, dass Du \u00f6kologisch einwandfreie Produkte von uns bekommst sondern auch, dass Du mit Hilfe unserer Produkte gesund bleibst und gl\u00fccklich bist!<\/p>\n<p>[\/vc_column_text][\/vc_column_inner][vc_column_inner width=&#8220;1\/6&#8243;][\/vc_column_inner][\/vc_row_inner][vc_row_inner][vc_column_inner width=&#8220;1\/6&#8243;][\/vc_column_inner][vc_column_inner width=&#8220;2\/3&#8243; css=&#8220;.vc_custom_1684496175767{padding-right: 10% !important;padding-left: 10% !important;}&#8220; offset=&#8220;vc_hidden-lg vc_hidden-md&#8220;][vc_empty_space height=&#8220;10vw&#8220;][vc_custom_heading text=&#8220;Der Leitfaden zu &#8230;&#8220; font_container=&#8220;tag:h4|font_size:16px|text_align:left|color:%23ffffff|line_height:12px&#8220; use_theme_fonts=&#8220;yes&#8220; el_class=&#8220;l-spacing-title&#8220; css=&#8220;.vc_custom_1684496464359{margin-bottom: 20px !important;}&#8220;][vc_custom_heading text=&#8220;&#8230; &#8222;back to nature&#8217;s basics&#8222;&#8220; font_container=&#8220;tag:h1|font_size:32px|text_align:left|color:%23ffffff|line_height:40px&#8220; use_theme_fonts=&#8220;yes&#8220; css=&#8220;.vc_custom_1684496315287{margin-bottom: 10px !important;}&#8220;][vc_column_text]<\/p>\n<p style=\"color: #fff!important;\">Dieser Leitsatz bedeutet, dass wir uns auf das Fundament unseres Lebens r\u00fcckbesinnen: auf die Natur, die unsere K\u00f6rpersysteme st\u00e4rkt, uns Kraft spendet und uns Gesundheit schenkt. Ein wichtiger Baustein der nat\u00fcrlichen R\u00fcckbesinnung ist f\u00fcr uns das energetische Potential der Heilpflanze Hanf, die es allen Menschen erm\u00f6glicht, ein ges\u00fcnderes und ausgeglicheneres Leben zu f\u00fchren. Zur\u00fcck zur Natur \u2013 unseren Markenkern nehmen wir insofern w\u00f6rtlich, als dass wir auch bei den Lieferbedingungen, Transportwegen etc. auf ein H\u00f6chstma\u00df an Nachhaltigkeit achten. Back to the basic of nature \u2013 wir wollen nicht nur, dass Du \u00f6kologisch einwandfreie Produkte von uns bekommst sondern auch, dass Du mit Hilfe unserer Produkte gesund bleibst und gl\u00fccklich bist!<\/p>\n<p>[\/vc_column_text][vc_empty_space height=&#8220;10vw&#8220;][\/vc_column_inner][vc_column_inner width=&#8220;1\/6&#8243;][\/vc_column_inner][\/vc_row_inner][\/vc_column][vc_column css=&#8220;.vc_custom_1684496787889{background-image: url(https:\/\/basic-hemp.es\/wp-content\/uploads\/2021\/10\/basic-hemp-rui-silvestre-ul-ZsFLIjvw-unsplash.jpg?id=33661) !important;background-position: center !important;background-repeat: no-repeat !important;background-size: cover !important;}&#8220; offset=&#8220;vc_col-lg-6 vc_col-md-4 vc_hidden-sm vc_hidden-xs&#8220;][vc_row_inner][vc_column_inner offset=&#8220;vc_hidden-sm vc_hidden-xs&#8220;][vc_empty_space height=&#8220;100vh&#8220;][\/vc_column_inner][\/vc_row_inner][vc_row_inner][vc_column_inner offset=&#8220;vc_hidden-lg vc_hidden-md&#8220;][vc_empty_space height=&#8220;60vh&#8220;][\/vc_column_inner][\/vc_row_inner][\/vc_column][\/vc_row][vc_row full_width=&#8220;stretch_row_content_no_spaces&#8220; full_height=&#8220;yes&#8220; content_placement=&#8220;middle&#8220; css=&#8220;.vc_custom_1635675408890{background-color: #32463c !important;}&#8220;][vc_column css=&#8220;.vc_custom_1635710621464{background-image: url(https:\/\/basic-hemp.es\/wp-content\/uploads\/2021\/10\/basic-hemp-pariwat-pannium-rENz8WS3Miw-unsplash.jpg?id=33657) !important;background-position: center !important;background-repeat: no-repeat !important;background-size: cover !important;}&#8220; offset=&#8220;vc_col-lg-6 vc_col-md-4&#8243;][vc_row_inner][vc_column_inner offset=&#8220;vc_hidden-sm vc_hidden-xs&#8220;][vc_empty_space height=&#8220;100vh&#8220;][\/vc_column_inner][\/vc_row_inner][vc_row_inner][vc_column_inner offset=&#8220;vc_hidden-lg vc_hidden-md&#8220;][vc_empty_space height=&#8220;60vh&#8220;][\/vc_column_inner][\/vc_row_inner][\/vc_column][vc_column offset=&#8220;vc_col-lg-6 vc_col-md-8&#8243;][vc_row_inner][vc_column_inner width=&#8220;1\/6&#8243;][\/vc_column_inner][vc_column_inner width=&#8220;2\/3&#8243; offset=&#8220;vc_hidden-sm vc_hidden-xs&#8220;][vc_custom_heading text=&#8220;Einzigartig &#8230;&#8220; font_container=&#8220;tag:h4|font_size:21px|text_align:left|color:%23ffffff|line_height:28px&#8220; use_theme_fonts=&#8220;yes&#8220; el_class=&#8220;l-spacing-title&#8220;][vc_custom_heading text=&#8220;&#8230; vielf\u00e4ltig&#8220; font_container=&#8220;tag:h1|font_size:48px|text_align:left|color:%23ffffff|line_height:54px&#8220; use_theme_fonts=&#8220;yes&#8220; css=&#8220;.vc_custom_1684496338493{margin-left: -50px !important;}&#8220;][vc_column_text]<\/p>\n<p style=\"color: #fff!important;\">Hanf ist eine der \u00e4ltesten Nutzpflanzen der Welt und besitzt ein faszinierendes und breit gef\u00e4chertes Spektrum positiver Eigenschaften \u2013 die Beweise daf\u00fcr sind in vielerlei Hinsicht belegt. Erste Vermutungen auf den Einsatz als Kultur- bzw. Nutzpflanze gehen auf arch\u00e4ologische Funde in China vor ca. 5000 Jahren zur\u00fcck. Ob zur Herstellung von Gewebe, Papier, als Rausch- oder Arzneimittel zur Linderung einer Vielzahl von Beschwerden oder als Nahrungsmittel \u2013 Hanf war und ist als Pflanze auch einzigartig in der Vielseitigkeit seiner Anwendungsm\u00f6glichkeiten. Und das trifft in erster Linie auf die zwei wichtigen Wirkstoffe Tetrahydrocannabinol bzw. THC und Cannabidiol bzw. CBD zu, die zur Gruppe der Cannabinoiden geh\u00f6ren \u2013 den aktiven Inhaltsstoffen der Hanf-Pflanze.<\/p>\n<p>[\/vc_column_text][\/vc_column_inner][vc_column_inner width=&#8220;1\/6&#8243;][\/vc_column_inner][\/vc_row_inner][vc_row_inner][vc_column_inner width=&#8220;1\/6&#8243;][\/vc_column_inner][vc_column_inner width=&#8220;2\/3&#8243; css=&#8220;.vc_custom_1635676536720{padding-right: 10% !important;padding-left: 10% !important;}&#8220; offset=&#8220;vc_hidden-lg vc_hidden-md&#8220;][vc_empty_space height=&#8220;10vw&#8220;][vc_custom_heading text=&#8220;Einzigartig &#8230;&#8220; font_container=&#8220;tag:h4|font_size:16px|text_align:left|color:%23ffffff|line_height:12px&#8220; use_theme_fonts=&#8220;yes&#8220; el_class=&#8220;l-spacing-title&#8220; css=&#8220;.vc_custom_1684496454839{margin-bottom: 30px !important;}&#8220;][vc_custom_heading text=&#8220;&#8230; vielf\u00e4ltig&#8220; font_container=&#8220;tag:h2|font_size:32px|text_align:left|color:%23ffffff|line_height:40px&#8220; use_theme_fonts=&#8220;yes&#8220; css=&#8220;.vc_custom_1684496356741{margin-bottom: 10px !important;}&#8220;][vc_column_text]<\/p>\n<p style=\"color: #fff!important;\">Hanf ist eine der \u00e4ltesten Nutzpflanzen der Welt und besitzt ein faszinierendes und breit gef\u00e4chertes Spektrum positiver Eigenschaften \u2013 die Beweise daf\u00fcr sind in vielerlei Hinsicht belegt. Erste Vermutungen auf den Einsatz als Kultur- bzw. Nutzpflanze gehen auf arch\u00e4ologische Funde in China vor ca. 5000 Jahren zur\u00fcck. Ob zur Herstellung von Gewebe, Papier, als Rausch- oder Arzneimittel zur Linderung einer Vielzahl von Beschwerden oder als Nahrungsmittel \u2013 Hanf war und ist als Pflanze auch einzigartig in der Vielseitigkeit seiner Anwendungsm\u00f6glichkeiten. Und das trifft in erster Linie auf die zwei wichtigen Wirkstoffe Tetrahydrocannabinol bzw. THC und Cannabidiol bzw. CBD zu, die zur Gruppe der Cannabinoiden geh\u00f6ren \u2013 den aktiven Inhaltsstoffen der Hanf-Pflanze.<\/p>\n<p>[\/vc_column_text][vc_empty_space height=&#8220;10vw&#8220;][\/vc_column_inner][vc_column_inner width=&#8220;1\/6&#8243;][\/vc_column_inner][\/vc_row_inner][\/vc_column][\/vc_row][vc_row full_width=&#8220;stretch_row_content_no_spaces&#8220; content_placement=&#8220;middle&#8220; css=&#8220;.vc_custom_1684497290114{background-color: #468d6a !important;}&#8220;][vc_column offset=&#8220;vc_col-lg-6 vc_col-md-8&#8243;][vc_row_inner][vc_column_inner width=&#8220;1\/6&#8243;][\/vc_column_inner][vc_column_inner width=&#8220;2\/3&#8243; offset=&#8220;vc_hidden-sm vc_hidden-xs&#8220;][vc_custom_heading text=&#8220;Warum &#8230;&#8220; font_container=&#8220;tag:h4|font_size:21px|text_align:left|color:%23ffffff|line_height:28px&#8220; use_theme_fonts=&#8220;yes&#8220; el_class=&#8220;l-spacing-title&#8220;][vc_custom_heading text=&#8220;&#8230; CBD?&#8220; font_container=&#8220;tag:h1|font_size:48px|text_align:left|color:%23ffffff|line_height:54px&#8220; use_theme_fonts=&#8220;yes&#8220; css=&#8220;.vc_custom_1684496376285{margin-left: -50px !important;}&#8220;][vc_column_text]<\/p>\n<p style=\"color: #fff!important;\">Unsere Basic Hemp Vollspektum-\u00d6le auf Hanfsamenbasis sind in verschiedenen Abstufungen erh\u00e4ltlich, d. h., dass die \u00d6le z. B. 4%, 9% oder 30% CBD (Cannabidiol) enthalten und somit unterschiedlich wirkungsvoll und dosierbar sind. Warum CBD? Weil das Cannabidiol nachweislich beruhigende, schmerz- und stressl\u00f6sende, angstlindernde und entz\u00fcndungshemmende Wirkungen aufweist: Eigenschaften, die nicht nur Deiner Gesundheit dienlich sind sondern auch den Freundeskreis unserer Basic Hemp Hanf-\u00d6le t\u00e4glich erweitern. Selbstverst\u00e4ndlich enthalten unsere CBD-\u00d6le kein THC, was bedeutet, dass rausch\u00e4hnliche Zust\u00e4nde nicht vorkommen \u2013 wodurch ihre wohltuende Wirksamkeit aber in keiner Weise beeintr\u00e4chtigt ist. \u00dcbrigens, die heilende Wirkung unserer CBD-\u00d6le ist nicht auf uns Menschen beschr\u00e4nkt sondern wird von Tier\u00e4rzten zur Behandlung vieler Leiden unserer Haustiere empfohlen.<\/p>\n<p>[\/vc_column_text][\/vc_column_inner][vc_column_inner width=&#8220;1\/6&#8243;][\/vc_column_inner][\/vc_row_inner][vc_row_inner][vc_column_inner width=&#8220;1\/6&#8243;][\/vc_column_inner][vc_column_inner width=&#8220;2\/3&#8243; css=&#8220;.vc_custom_1684497006500{padding-right: 10% !important;padding-left: 10% !important;}&#8220; offset=&#8220;vc_hidden-lg vc_hidden-md&#8220;][vc_empty_space height=&#8220;10vw&#8220;][vc_custom_heading text=&#8220;Warum &#8230;&#8220; font_container=&#8220;tag:h4|font_size:16px|text_align:left|color:%23ffffff|line_height:12px&#8220; use_theme_fonts=&#8220;yes&#8220; css=&#8220;.vc_custom_1684497269930{margin-bottom: 20px !important;}&#8220;][vc_custom_heading text=&#8220;&#8230; CBD?&#8220; font_container=&#8220;tag:h1|font_size:32px|text_align:left|color:%23ffffff|line_height:40px&#8220; use_theme_fonts=&#8220;yes&#8220; css=&#8220;.vc_custom_1684496620953{margin-bottom: 10px !important;}&#8220;][vc_column_text]<\/p>\n<p style=\"color: #fff!important;\">Unsere Basic Hemp Vollspektum-\u00d6le auf Hanfsamenbasis sind in verschiedenen Abstufungen erh\u00e4ltlich, d. h., dass die \u00d6le z. B. 4%, 9% oder 30% CBD (Cannabidiol) enthalten und somit unterschiedlich wirkungsvoll und dosierbar sind. Warum CBD? Weil das Cannabidiol nachweislich beruhigende, schmerz- und stressl\u00f6sende, angstlindernde und entz\u00fcndungshemmende Wirkungen aufweist: Eigenschaften, die nicht nur Deiner Gesundheit dienlich sind sondern auch den Freundeskreis unserer Basic Hemp Hanf-\u00d6le t\u00e4glich erweitern. Selbstverst\u00e4ndlich enthalten unsere CBD-\u00d6le kein THC, was bedeutet, dass rausch\u00e4hnliche Zust\u00e4nde nicht vorkommen \u2013 wodurch ihre wohltuende Wirksamkeit aber in keiner Weise beeintr\u00e4chtigt ist. \u00dcbrigens, die heilende Wirkung unserer CBD-\u00d6le ist nicht auf uns Menschen beschr\u00e4nkt sondern wird von Tier\u00e4rzten zur Behandlung vieler Leiden unserer Haustiere empfohlen.<\/p>\n<p>[\/vc_column_text][vc_empty_space height=&#8220;10vw&#8220;][\/vc_column_inner][vc_column_inner width=&#8220;1\/6&#8243;][\/vc_column_inner][\/vc_row_inner][\/vc_column][vc_column css=&#8220;.vc_custom_1684496844832{background-image: url(https:\/\/basic-hemp.es\/wp-content\/uploads\/2021\/10\/basic-hemp-enecta-cannabis-extracts-80wCkpt-IKE-unsplash.jpg?id=33663) !important;background-position: center !important;background-repeat: no-repeat !important;background-size: cover !important;}&#8220; offset=&#8220;vc_col-lg-6 vc_col-md-4 vc_hidden-sm vc_hidden-xs&#8220;][vc_row_inner][vc_column_inner offset=&#8220;vc_hidden-sm vc_hidden-xs&#8220;][vc_empty_space height=&#8220;100vh&#8220;][\/vc_column_inner][\/vc_row_inner][vc_row_inner][vc_column_inner offset=&#8220;vc_hidden-lg vc_hidden-md&#8220;][vc_empty_space height=&#8220;60vh&#8220;][\/vc_column_inner][\/vc_row_inner][\/vc_column][\/vc_row][vc_row full_width=&#8220;stretch_row_content_no_spaces&#8220; full_height=&#8220;yes&#8220; content_placement=&#8220;middle&#8220; css=&#8220;.vc_custom_1635675408890{background-color: #32463c !important;}&#8220;][vc_column css=&#8220;.vc_custom_1635710731665{background-image: url(https:\/\/basic-hemp.es\/wp-content\/uploads\/2021\/10\/cambridge-jenkins-iv-e1KYRCR8SI8-unsplash-scaled.jpg?id=33659) !important;background-position: center !important;background-repeat: no-repeat !important;background-size: cover !important;}&#8220; offset=&#8220;vc_col-lg-6 vc_col-md-4&#8243;][vc_row_inner][vc_column_inner offset=&#8220;vc_hidden-sm vc_hidden-xs&#8220;][vc_empty_space height=&#8220;100vh&#8220;][\/vc_column_inner][\/vc_row_inner][vc_row_inner][vc_column_inner offset=&#8220;vc_hidden-lg vc_hidden-md&#8220;][vc_empty_space height=&#8220;60vh&#8220;][\/vc_column_inner][\/vc_row_inner][\/vc_column][vc_column offset=&#8220;vc_col-lg-6 vc_col-md-8&#8243;][vc_row_inner][vc_column_inner width=&#8220;1\/6&#8243;][\/vc_column_inner][vc_column_inner width=&#8220;2\/3&#8243; offset=&#8220;vc_hidden-sm vc_hidden-xs&#8220;][vc_custom_heading text=&#8220;Unsere &#8230;&#8220; font_container=&#8220;tag:h4|font_size:21px|text_align:left|color:%23ffffff|line_height:28px&#8220; use_theme_fonts=&#8220;yes&#8220; el_class=&#8220;l-spacing-title&#8220;][vc_custom_heading text=&#8220;&#8230; Bl\u00fcten&#8220; font_container=&#8220;tag:h1|font_size:48px|text_align:left|color:%23ffffff|line_height:54px&#8220; use_theme_fonts=&#8220;yes&#8220; css=&#8220;.vc_custom_1684496410539{margin-left: -50px !important;}&#8220;][vc_column_text]<\/p>\n<p style=\"color: #fff!important;\">Unsere EU-zertifizierten Nutzhanfbl\u00fcten weisen THC von unter 0,2 % auf und sind daher vom Gesetzgeber erlaubt. Sie sind verpackt in Portionen zu 2, 5 oder 10. Wir g\u00f6nnen uns und Dir mit unserem Angebot eine au\u00dferordentlich breit gef\u00e4cherte Geschmackspalette \u2013 vom leicht fruchtigen Beerenaroma \u00fcber eine milde Grasnote bis zur kr\u00e4ftigen Wiesenw\u00fcrze. Einige unserer Bl\u00fcten beinhalten das Cannabinoid CBG, das aus jungen Pflanzen gewonnen wird. Dem Wirkstoff CBG wird ein hohes medizinisches Potenzial zugeschrieben \u2013 Anwendungen bei Gr\u00fcnem Star bzw. erh\u00f6htem Augeninnendruck sind nachweislich erfolgversprechend. Wir garantieren, dass unsere Bl\u00fcten 100% biologisch angebaut und 100% \u00f6kologisch sind. Und: Wir liefern ausschlie\u00dflich aromaversiegelt.<\/p>\n<p>[\/vc_column_text][\/vc_column_inner][vc_column_inner width=&#8220;1\/6&#8243;][\/vc_column_inner][\/vc_row_inner][vc_row_inner][vc_column_inner width=&#8220;1\/6&#8243;][\/vc_column_inner][vc_column_inner width=&#8220;2\/3&#8243; css=&#8220;.vc_custom_1635676536720{padding-right: 10% !important;padding-left: 10% !important;}&#8220; offset=&#8220;vc_hidden-lg vc_hidden-md&#8220;][vc_empty_space height=&#8220;10vw&#8220;][vc_custom_heading text=&#8220;Unsere &#8230;&#8220; font_container=&#8220;tag:h4|font_size:16px|text_align:left|color:%23ffffff|line_height:12px&#8220; use_theme_fonts=&#8220;yes&#8220; el_class=&#8220;l-spacing-title&#8220; css=&#8220;.vc_custom_1684496634469{margin-bottom: 30px !important;}&#8220;][vc_custom_heading text=&#8220;&#8230; Bl\u00fcten&#8220; font_container=&#8220;tag:h2|font_size:32px|text_align:left|color:%23ffffff|line_height:40px&#8220; use_theme_fonts=&#8220;yes&#8220; css=&#8220;.vc_custom_1684496642406{margin-bottom: 10px !important;}&#8220;][vc_column_text]<\/p>\n<p style=\"color: #fff!important;\">Unsere EU-zertifizierten Nutzhanfbl\u00fcten weisen THC von unter 0,2 % auf und sind daher vom Gesetzgeber erlaubt. Sie sind verpackt in Portionen zu 2, 5 oder 10. Wir g\u00f6nnen uns und Dir mit unserem Angebot eine au\u00dferordentlich breit gef\u00e4cherte Geschmackspalette \u2013 vom leicht fruchtigen Beerenaroma \u00fcber eine milde Grasnote bis zur kr\u00e4ftigen Wiesenw\u00fcrze. Einige unserer Bl\u00fcten beinhalten das Cannabinoid CBG, das aus jungen Pflanzen gewonnen wird. Dem Wirkstoff CBG wird ein hohes medizinisches Potenzial zugeschrieben \u2013 Anwendungen bei Gr\u00fcnem Star bzw. erh\u00f6htem Augeninnendruck sind nachweislich erfolgversprechend. Wir garantieren, dass unsere Bl\u00fcten 100% biologisch angebaut und 100% \u00f6kologisch sind. Und: Wir liefern ausschlie\u00dflich aromaversiegelt.<\/p>\n<p>[\/vc_column_text][vc_empty_space height=&#8220;10vw&#8220;][\/vc_column_inner][vc_column_inner width=&#8220;1\/6&#8243;][\/vc_column_inner][\/vc_row_inner][\/vc_column][\/vc_row][vc_row full_width=&#8220;stretch_row&#8220; css=&#8220;.vc_custom_1635675757600{margin-bottom: -1px !important;background-color: #468d6a !important;}&#8220;][vc_column css_animation=&#8220;fadeIn&#8220;][vc_row_inner][vc_column_inner width=&#8220;1\/6&#8243;][\/vc_column_inner][vc_column_inner width=&#8220;2\/3&#8243; offset=&#8220;vc_hidden-md vc_hidden-sm vc_hidden-xs&#8220;][vc_empty_space height=&#8220;12vw&#8220;][vc_custom_heading text=&#8220;Deine W\u00fcnsche &#8230;&#8220; font_container=&#8220;tag:h4|font_size:21px|text_align:center|color:%23ffffff|line_height:28px&#8220; use_theme_fonts=&#8220;yes&#8220; el_class=&#8220;l-spacing-title&#8220; css=&#8220;.vc_custom_1684496499644{margin-bottom: 30px !important;}&#8220;][vc_custom_heading text=&#8220;&#8230; stehen bei uns im Mittelpunkt&#8220; font_container=&#8220;tag:h2|font_size:32px|text_align:center|color:%23ffffff|line_height:48px&#8220; use_theme_fonts=&#8220;yes&#8220; css=&#8220;.vc_custom_1684496506096{margin-bottom: 20px !important;}&#8220;][vc_column_text]<\/p>\n<p style=\"color: #fff!important; text-align: center;\">Nat\u00fcrlich haben wir auch Liquids, Pollinate, Tee, Kaffee, leckere Schokolade und andere Nahrungs- und Genussmittel in unserem Programm. Dar\u00fcber hinaus runden Pflegeprodukte, B\u00fccher und ein spezielles Angebot f\u00fcr Tiere unser Angebot ab. Eben alles, was Dein Cannabis-Herz begehrt. Zus\u00e4tzlich haben wir f\u00fcr verschiedene Produkte einen Downloadbereich eingerichtet, in dem Du Dir die dazugeh\u00f6rigen Zertifikate ansehen kannst. Alles ist gut. Wir freuen uns auf Deine Bestellung!<\/p>\n<p>[\/vc_column_text][vc_raw_html]JTNDZGl2JTIwc3R5bGUlM0QlMjJ0ZXh0LWFsaWduJTNBY2VudGVyJTIxaW1wb3J0YW50JTNCJTIyJTNFJTNDYSUyMGNsYXNzJTNEJTIyYmFja3RvLXNob3BwaW5nJTIyJTIwaHJlZiUzRCUyMmh0dHBzJTNBJTJGJTJGYmFzaWMtaGVtcC5kZSUyRmVybGViZW4lMkYlMjIlM0VadXIlQzMlQkNjayUyMHp1ciUyMFN0YXJ0c2VpdGUlM0MlMkZhJTNFJTNDJTJGZGl2JTNF[\/vc_raw_html][vc_empty_space height=&#8220;12vw&#8220;][\/vc_column_inner][vc_column_inner width=&#8220;1\/6&#8243;][\/vc_column_inner][\/vc_row_inner][vc_row_inner][vc_column_inner offset=&#8220;vc_hidden-lg&#8220; css=&#8220;.vc_custom_1635676553903{padding-top: 5% !important;padding-right: 10% !important;padding-bottom: 5% !important;padding-left: 10% !important;}&#8220;][vc_custom_heading text=&#8220;Deine W\u00fcnsche &#8230;&#8220; font_container=&#8220;tag:h4|font_size:16px|text_align:center|color:%23ffffff|line_height:12px&#8220; use_theme_fonts=&#8220;yes&#8220; el_class=&#8220;l-spacing-title&#8220; css=&#8220;.vc_custom_1684496518950{margin-bottom: 30px !important;}&#8220;][vc_custom_heading text=&#8220;&#8230; stehen bei uns im Mittelpunkt&#8220; font_container=&#8220;tag:h2|font_size:24px|text_align:center|color:%23ffffff|line_height:36px&#8220; use_theme_fonts=&#8220;yes&#8220; css=&#8220;.vc_custom_1684496526907{margin-bottom: 10px !important;}&#8220;][vc_column_text]<\/p>\n<p style=\"color: #fff!important; text-align: center;\">Nat\u00fcrlich haben wir auch Liquids, Pollinate, Tee, Kaffee, leckere Schokolade und andere Nahrungs- und Genussmittel in unserem Programm. Dar\u00fcber hinaus runden Pflegeprodukte, B\u00fccher und ein spezielles Angebot f\u00fcr Tiere unser Angebot ab. Eben alles, was Dein Cannabis-Herz begehrt. Zus\u00e4tzlich haben wir f\u00fcr verschiedene Produkte einen Downloadbereich eingerichtet, in dem Du Dir die dazugeh\u00f6rigen Zertifikate ansehen kannst. Alles ist gut. Wir freuen uns auf Deine Bestellung!<\/p>\n<p>[\/vc_column_text][vc_raw_html]JTNDZGl2JTIwc3R5bGUlM0QlMjJ0ZXh0LWFsaWduJTNBY2VudGVyJTIxaW1wb3J0YW50JTNCJTIyJTNFJTNDYSUyMGNsYXNzJTNEJTIyYmFja3RvLXNob3BwaW5nJTIyJTIwaHJlZiUzRCUyMmh0dHBzJTNBJTJGJTJGYmFzaWMtaGVtcC5kZSUyRmVybGViZW4lMkYlMjIlM0VadXIlQzMlQkNjayUyMHp1ciUyMFN0YXJ0c2VpdGUlM0MlMkZhJTNFJTNDJTJGZGl2JTNF[\/vc_raw_html][\/vc_column_inner][\/vc_row_inner][\/vc_column][\/vc_row]<\/p>\n<\/div>","protected":false},"excerpt":{"rendered":"<p>[vc_row full_width=&#8220;stretch_row_content_no_spaces&#8220; full_height=&#8220;yes&#8220; content_placement=&#8220;middle&#8220; css=&#8220;.vc_custom_1635675440682{background-color: #468d6a !important;}&#8220;][vc_column offset=&#8220;vc_col-lg-6 vc_col-md-8&#8243;][vc_row_inner][vc_column_inner width=&#8220;1\/6&#8243;][\/vc_column_inner][vc_column_inner width=&#8220;2\/3&#8243; offset=&#8220;vc_hidden-sm vc_hidden-xs&#8220;][vc_custom_heading text=&#8220;Der Leitfaden zu &#8230;&#8220; font_container=&#8220;tag:h4|font_size:21px|text_align:left|color:%23ffffff|line_height:28px&#8220; use_theme_fonts=&#8220;yes&#8220; el_class=&#8220;l-spacing-title&#8220;][vc_custom_heading\u2026<\/p>\n","protected":false},"author":1,"featured_media":0,"parent":0,"menu_order":0,"comment_status":"closed","ping_status":"closed","template":"","meta":{"footnotes":""},"class_list":["post-33228","page","type-page","status-publish","hentry"],"jetpack_sharing_enabled":true,"_links":{"self":[{"href":"https:\/\/basic-hemp.es\/de\/wp-json\/wp\/v2\/pages\/33228","targetHints":{"allow":["GET"]}}],"collection":[{"href":"https:\/\/basic-hemp.es\/de\/wp-json\/wp\/v2\/pages"}],"about":[{"href":"https:\/\/basic-hemp.es\/de\/wp-json\/wp\/v2\/types\/page"}],"author":[{"embeddable":true,"href":"https:\/\/basic-hemp.es\/de\/wp-json\/wp\/v2\/users\/1"}],"replies":[{"embeddable":true,"href":"https:\/\/basic-hemp.es\/de\/wp-json\/wp\/v2\/comments?post=33228"}],"version-history":[{"count":50,"href":"https:\/\/basic-hemp.es\/de\/wp-json\/wp\/v2\/pages\/33228\/revisions"}],"predecessor-version":[{"id":36943,"href":"https:\/\/basic-hemp.es\/de\/wp-json\/wp\/v2\/pages\/33228\/revisions\/36943"}],"wp:attachment":[{"href":"https:\/\/basic-hemp.es\/de\/wp-json\/wp\/v2\/media?parent=33228"}],"curies":[{"name":"wp","href":"https:\/\/api.w.org\/{rel}","templated":true}]}}